{"id":30,"date":"2020-11-17T12:40:55","date_gmt":"2020-11-17T12:40:55","guid":{"rendered":"http:\/\/mypersonalway.com\/comparador\/?page_id=30"},"modified":"2020-11-17T13:32:23","modified_gmt":"2020-11-17T13:32:23","slug":"ofertas-telefonia","status":"publish","type":"page","link":"https:\/\/mypersonalway.com\/comparador\/index.php\/ofertas-telefonia\/","title":{"rendered":"Ofertas telefon\u00eda"},"content":{"rendered":"\t\t<div data-elementor-type=\"wp-page\" data-elementor-id=\"30\" class=\"elementor elementor-30\" data-elementor-settings=\"[]\">\n\t\t\t\t\t\t<div class=\"elementor-inner\">\n\t\t\t\t\t\t\t<div class=\"elementor-section-wrap\">\n\t\t\t\t\t\t\t<section class=\"has_ae_slider elementor-section elementor-top-section elementor-element elementor-element-b836d19 elementor-section-boxed elementor-section-height-default elementor-section-height-default ae-bg-gallery-type-default\" data-id=\"b836d19\" data-element_type=\"section\">\n\t\t\t\t\t\t<div class=\"elementor-container elementor-column-gap-default\">\n\t\t\t\t\t\t\t<div class=\"elementor-row\">\n\t\t\t\t\t<div class=\"has_ae_slider elementor-column elementor-col-100 elementor-top-column elementor-element elementor-element-f887267 ae-bg-gallery-type-default\" data-id=\"f887267\" data-element_type=\"column\">\n\t\t\t<div class=\"elementor-column-wrap elementor-element-populated\">\n\t\t\t\t\t\t\t<div class=\"elementor-widget-wrap\">\n\t\t\t\t\t\t<div class=\"elementor-element elementor-element-e51c7a7 elementor-widget elementor-widget-heading\" data-id=\"e51c7a7\" data-element_type=\"widget\" data-widget_type=\"heading.default\">\n\t\t\t\t<div class=\"elementor-widget-container\">\n\t\t\t<h2 class=\"elementor-heading-title elementor-size-default\">\u00a1Compara y elige tu tarifa favorita!<\/h2>\t\t<\/div>\n\t\t\t\t<\/div>\n\t\t\t\t<div class=\"elementor-element elementor-element-70d8935 elementor-widget elementor-widget-image\" data-id=\"70d8935\" data-element_type=\"widget\" data-widget_type=\"image.default\">\n\t\t\t\t<div class=\"elementor-widget-container\">\n\t\t\t\t\t<div class=\"elementor-image\">\n\t\t\t\t\t\t\t\t\t\t<img width=\"1024\" height=\"466\" src=\"https:\/\/mypersonalway.com\/comparador\/wp-content\/uploads\/2020\/11\/ofertas-telefonia.jpg\" class=\"attachment-large size-large\" alt=\"ofertas-telefonia\" loading=\"lazy\" \/>\t\t\t\t\t\t\t\t\t\t\t<\/div>\n\t\t\t\t<\/div>\n\t\t\t\t<\/div>\n\t\t\t\t<div class=\"elementor-element elementor-element-998ba24 elementor-widget elementor-widget-spacer\" data-id=\"998ba24\" data-element_type=\"widget\" data-widget_type=\"spacer.default\">\n\t\t\t\t<div class=\"elementor-widget-container\">\n\t\t\t\t\t<div class=\"elementor-spacer\">\n\t\t\t<div class=\"elementor-spacer-inner\"><\/div>\n\t\t<\/div>\n\t\t\t\t<\/div>\n\t\t\t\t<\/div>\n\t\t\t\t<div class=\"elementor-element elementor-element-6a5e847 elementor-widget elementor-widget-heading\" data-id=\"6a5e847\" data-element_type=\"widget\" data-widget_type=\"heading.default\">\n\t\t\t\t<div class=\"elementor-widget-container\">\n\t\t\t<h2 class=\"elementor-heading-title elementor-size-default\">comparativa telefon\u00eda<\/h2>\t\t<\/div>\n\t\t\t\t<\/div>\n\t\t\t\t<div class=\"elementor-element elementor-element-f14cea5 elementor-toc--minimized-on-tablet elementor-widget elementor-widget-table-of-contents\" data-id=\"f14cea5\" data-element_type=\"widget\" data-settings=\"{&quot;exclude_headings_by_selector&quot;:[],&quot;headings_by_tags&quot;:[&quot;h2&quot;,&quot;h3&quot;,&quot;h4&quot;,&quot;h5&quot;,&quot;h6&quot;],&quot;marker_view&quot;:&quot;numbers&quot;,&quot;minimize_box&quot;:&quot;yes&quot;,&quot;minimized_on&quot;:&quot;tablet&quot;,&quot;hierarchical_view&quot;:&quot;yes&quot;,&quot;min_height&quot;:{&quot;unit&quot;:&quot;px&quot;,&quot;size&quot;:&quot;&quot;,&quot;sizes&quot;:[]},&quot;min_height_tablet&quot;:{&quot;unit&quot;:&quot;px&quot;,&quot;size&quot;:&quot;&quot;,&quot;sizes&quot;:[]},&quot;min_height_mobile&quot;:{&quot;unit&quot;:&quot;px&quot;,&quot;size&quot;:&quot;&quot;,&quot;sizes&quot;:[]}}\" data-widget_type=\"table-of-contents.default\">\n\t\t\t\t<div class=\"elementor-widget-container\">\n\t\t\t\t\t<div class=\"elementor-toc__header\">\n\t\t\t<h4 class=\"elementor-toc__header-title\">\u00cdndice de contenidos<\/h4>\t\t\t\t\t\t\t<div class=\"elementor-toc__toggle-button elementor-toc__toggle-button--expand\"><i class=\"fas fa-chevron-down\"><\/i><\/div>\n\t\t\t\t<div class=\"elementor-toc__toggle-button elementor-toc__toggle-button--collapse\"><i class=\"fas fa-chevron-up\"><\/i><\/div>\n\t\t\t\t\t<\/div>\n\t\t<div class=\"elementor-toc__body\">\n\t\t\t<div class=\"elementor-toc__spinner-container\">\n\t\t\t\t<i class=\"elementor-toc__spinner eicon-loading eicon-animation-spin\" aria-hidden=\"true\"><\/i>\n\t\t\t<\/div>\n\t\t<\/div>\n\t\t\t\t<\/div>\n\t\t\t\t<\/div>\n\t\t\t\t<div class=\"elementor-element elementor-element-5a2e59e elementor-widget elementor-widget-text-editor\" data-id=\"5a2e59e\" data-element_type=\"widget\" data-widget_type=\"text-editor.default\">\n\t\t\t\t<div class=\"elementor-widget-container\">\n\t\t\t\t\t<div class=\"elementor-text-editor elementor-clearfix\"><ol><li><span style=\"font-weight: 400;\">comparador tarifas m\u00f3vil: Contar\u00e1s con uno de nuestros agentes para brindarte las ofertas de telefon\u00eda.<\/span><\/li><li><span style=\"font-weight: 400;\">Asistencia inmediata y gratuita. Ponemos a tu disposici\u00f3n a nuestros profesionales sin coste y sin compromiso.<\/span><\/li><li><span style=\"font-weight: 400;\">Accede a las mejores tarifas m\u00f3vil. Paga lo justo y ahorra en tu factura.<\/span><\/li><\/ol><p><span style=\"font-weight: 400;\">En las \u00faltimas d\u00e9cadas el mundo de las telecomunicaciones ha adquirido un gran protagonismo en nuestra vida cotidiana. A continuaci\u00f3n, te mostraremos <\/span><b>las mejores opciones que ofrecen las operadoras de telefon\u00eda para contratar el servicio que buscabas<\/b><span style=\"font-weight: 400;\">.<\/span><\/p><\/div>\n\t\t\t\t<\/div>\n\t\t\t\t<\/div>\n\t\t\t\t<div class=\"elementor-element elementor-element-70293eb elementor-widget elementor-widget-heading\" data-id=\"70293eb\" data-element_type=\"widget\" data-widget_type=\"heading.default\">\n\t\t\t\t<div class=\"elementor-widget-container\">\n\t\t\t<h2 class=\"elementor-heading-title elementor-size-default\">Compa\u00f1\u00edas de telefon\u00eda m\u00f3vil<\/h2>\t\t<\/div>\n\t\t\t\t<\/div>\n\t\t\t\t<div class=\"elementor-element elementor-element-1bf2051 elementor-widget elementor-widget-text-editor\" data-id=\"1bf2051\" data-element_type=\"widget\" data-widget_type=\"text-editor.default\">\n\t\t\t\t<div class=\"elementor-widget-container\">\n\t\t\t\t\t<div class=\"elementor-text-editor elementor-clearfix\"><p><span style=\"font-weight: 400;\">El sector de las telecomunicaciones no s\u00f3lo ha incrementado el n\u00famero de servicios. <\/span><b>La calidad de la velocidad internet, la cobertura de llamadas, as\u00ed como la calidad de las mismas<\/b><span style=\"font-weight: 400;\">, hace que prolifere el n\u00famero de operadores m\u00f3viles. Por lo tanto, <\/span><b>el n\u00famero de compa\u00f1\u00edas m\u00f3viles no para de crecer en Espa\u00f1a<\/b><span style=\"font-weight: 400;\">, existiendo actualmente m\u00e1s de 45. Esto es debido a que la gran mayor\u00eda de operadores m\u00f3viles son virtuales, y estos ahorran costes alquilando infraestructuras a otros operadores de mayor capacidad.<\/span><\/p><p><span style=\"font-weight: 400;\">Por esta raz\u00f3n, es imprescindible contar con un comparador de precios para obtener diferentes ofertas telefon\u00eda y elegir la que m\u00e1s te convenga. Tanto si est\u00e1s buscando tarifas m\u00f3vil baratas, como un servicio premium de tarifas telefon\u00eda, te brindamos nuestro <\/span><b>comparador de tarifas m\u00f3viles siempre actualizado<\/b><span style=\"font-weight: 400;\">.<\/span><\/p><\/div>\n\t\t\t\t<\/div>\n\t\t\t\t<\/div>\n\t\t\t\t<div class=\"elementor-element elementor-element-716560f elementor-widget elementor-widget-heading\" data-id=\"716560f\" data-element_type=\"widget\" data-widget_type=\"heading.default\">\n\t\t\t\t<div class=\"elementor-widget-container\">\n\t\t\t<h2 class=\"elementor-heading-title elementor-size-default\">El incremento de las telecomunicaciones en Espa\u00f1a<\/h2>\t\t<\/div>\n\t\t\t\t<\/div>\n\t\t\t\t<div class=\"elementor-element elementor-element-9fb6e98 elementor-widget elementor-widget-text-editor\" data-id=\"9fb6e98\" data-element_type=\"widget\" data-widget_type=\"text-editor.default\">\n\t\t\t\t<div class=\"elementor-widget-container\">\n\t\t\t\t\t<div class=\"elementor-text-editor elementor-clearfix\"><p><span style=\"font-weight: 400;\">Hasta mediados de los a\u00f1os 90, la telefon\u00eda fija estaba presente en la mayor\u00eda de los hogares del territorio espa\u00f1ol. La tendencia de seguir empleando este medio para comunicarse, va desapareciendo al paso de los a\u00f1os debido a la gran versatilidad en las funciones que encontramos con el tel\u00e9fono m\u00f3vi o un smartphonel. Este dato es conocedor por todas las compa\u00f1\u00edas de m\u00f3viles, y en respuesta, <\/span><b>luchan por tener los precios m\u00e1s competitivos del mercado<\/b><span style=\"font-weight: 400;\">.<\/span><\/p><\/div>\n\t\t\t\t<\/div>\n\t\t\t\t<\/div>\n\t\t\t\t<div class=\"elementor-element elementor-element-6e47c93 elementor-widget elementor-widget-heading\" data-id=\"6e47c93\" data-element_type=\"widget\" data-widget_type=\"heading.default\">\n\t\t\t\t<div class=\"elementor-widget-container\">\n\t\t\t<h2 class=\"elementor-heading-title elementor-size-default\">Telefon\u00eda m\u00f3vil + internet<\/h2>\t\t<\/div>\n\t\t\t\t<\/div>\n\t\t\t\t<div class=\"elementor-element elementor-element-d87c85b elementor-widget elementor-widget-text-editor\" data-id=\"d87c85b\" data-element_type=\"widget\" data-widget_type=\"text-editor.default\">\n\t\t\t\t<div class=\"elementor-widget-container\">\n\t\t\t\t\t<div class=\"elementor-text-editor elementor-clearfix\"><p><span style=\"font-weight: 400;\">La telefon\u00eda m\u00f3vil ha experimentado un gran cambio en las \u00faltimas d\u00e9cadas desde su aparici\u00f3n. En sus inicios un tel\u00e9fono m\u00f3vil se limitaba a recibir y enviar tanto llamadas, como SMS. Dependiendo de la tarifa elegida previamente, <\/span><b>con un tel\u00e9fono inteligente podr\u00e1s navegar en internet en redes de hasta 5G con <\/b><b>datos ilimitados m\u00f3vil<\/b><b> y realizar llamadas ilimitadas o mandar SMS ilimitados<\/b><span style=\"font-weight: 400;\">.<\/span><\/p><p><span style=\"font-weight: 400;\">Existe una gran demanda, por lo que se ofrece una gran diversidad en ofertas telefon\u00eda m\u00f3vil y esto es una ventaja para el usuario final. <\/span><b>Los precios de telefon\u00eda m\u00f3vil son cada vez m\u00e1s competitivos<\/b><span style=\"font-weight: 400;\"> y obtener una comparativa tarifas m\u00f3viles nos puede hacer ahorrar hasta 300\u20ac al a\u00f1o.<\/span><\/p><p><span style=\"font-weight: 400;\">Son varias las cuestiones que debes hacerte antes de empezar a usar nuestro comparador de telefon\u00eda:<\/span><\/p><ul><li><span style=\"font-weight: 400;\">\u00bfNecesitas una gran cobertura debido a tus desplazamientos.<\/span><\/li><li><span style=\"font-weight: 400;\">\u00bfRequieres de una gran velocidad internet.<\/span><\/li><li>\u00bfBuscas tarifas sin permanencia?<\/li><li>\u00bfBuscas tarifas prepago<\/li><li>\u00bfBuscas las ofertas l\u00ednea m\u00f3vil m\u00e1s baratas del mercado?<\/li><\/ul><p><b>No todos los operadores de telefon\u00eda ofrecen la misma velocidad<\/b><span style=\"font-weight: 400;\">, y este factor es importante a la hora de comparar tarifas m\u00f3vil. La cobertura 3G y 4G (las empleadas para poder navegar en Internet) est\u00e1 habilitada dependiendo de las antenas que tengan a su disposici\u00f3n dichos operadores de telefon\u00eda.<\/span><\/p><p><span style=\"font-weight: 400;\">No solamente la velocidad es el aspecto m\u00e1s importante a la hora de usar el comparador telefon\u00eda. <\/span><b>La gran mayor\u00eda de operadores de telefon\u00eda ofrecen un n\u00famero ilimitado de GB<\/b><span style=\"font-weight: 400;\">, que se recargan al finalizar el mes.<\/span><\/p><p><span style=\"font-weight: 400;\">Si por el contrario, dispones de un n\u00famero de GB limitados, puedes llegar a gastarlos antes de finalizar el mes. A partir de ah\u00ed, puedes sufrir las siguientes consecuencias dependiendo de la tarifa contratada:<\/span><\/p><ul><li><span style=\"font-weight: 400;\">Puedes seguir navegando en Internet a una velocidad reducida.<\/span><\/li><li>Puedes seguir navegando en Internet a la misma velocidad, pero se te aplicar\u00e1 un sobrecoste por MB usado.<\/li><\/ul><p><span style=\"font-weight: 400;\">Por lo tanto, si normalmente tienes un consumo de GB importante, <\/span><b>es recomendable buscar ofertas m\u00f3vil de datos ilimitados, o gigas ilimitados<\/b><span style=\"font-weight: 400;\">. Gracias a ello podr\u00e1s despreocuparte de conectarte a Internet siempre que lo necesites sin tener que mirar cu\u00e1ntos GB est\u00e1s gastando, compartir tus datos m\u00f3viles con tu port\u00e1til o buscar una red WIFI.<\/span><\/p><p><span style=\"font-weight: 400;\">No obstante, no es un factor determinante disponer de datos ilimitados m\u00f3vil. Existen otras tarifas donde <\/span><b>puedes acumular los GB que no consumas para gastarlos en otros meses<\/b><span style=\"font-weight: 400;\"> donde s\u00ed los puedas necesitar.<\/span><\/p><p>\u00a0<\/p><\/div>\n\t\t\t\t<\/div>\n\t\t\t\t<\/div>\n\t\t\t\t<div class=\"elementor-element elementor-element-fecc911 elementor-widget elementor-widget-heading\" data-id=\"fecc911\" data-element_type=\"widget\" data-widget_type=\"heading.default\">\n\t\t\t\t<div class=\"elementor-widget-container\">\n\t\t\t<h2 class=\"elementor-heading-title elementor-size-default\">Diferencias entre tarifas de prepago y contrato<\/h2>\t\t<\/div>\n\t\t\t\t<\/div>\n\t\t\t\t<div class=\"elementor-element elementor-element-39c0736 elementor-widget elementor-widget-text-editor\" data-id=\"39c0736\" data-element_type=\"widget\" data-widget_type=\"text-editor.default\">\n\t\t\t\t<div class=\"elementor-widget-container\">\n\t\t\t\t\t<div class=\"elementor-text-editor elementor-clearfix\"><p><span style=\"font-weight: 400;\">Es importante conocer las diferencias existentes entre estas dos modalidades de tarifas telefon\u00eda m\u00f3vil:<\/span><\/p><ul><li><span style=\"font-weight: 400;\">Tarifa de prepago: La principal caracter\u00edstica es que no tienes una cuant\u00eda fija a gastar cada mes, al igual que tampoco te obliga la compa\u00f1\u00eda a un periodo de permanencia.<\/span><\/li><li>Tarifas de contrato: Esta opci\u00f3n es la favorita entre las diferentes compa\u00f1\u00edas de m\u00f3vil. Normalmente tienes un periodo de permanencia, que se establece previamente en la firma del contrato. Pagas siempre la misma cuant\u00eda cada mes, y puedes llegar a recibir ofertas y descuentos por ser cliente.<\/li><\/ul><\/div>\n\t\t\t\t<\/div>\n\t\t\t\t<\/div>\n\t\t\t\t<div class=\"elementor-element elementor-element-70a2b5f elementor-widget elementor-widget-heading\" data-id=\"70a2b5f\" data-element_type=\"widget\" data-widget_type=\"heading.default\">\n\t\t\t\t<div class=\"elementor-widget-container\">\n\t\t\t<h2 class=\"elementor-heading-title elementor-size-default\">\u00a1Ahorra dinero con el comparador de My personal way!<\/h2>\t\t<\/div>\n\t\t\t\t<\/div>\n\t\t\t\t<div class=\"elementor-element elementor-element-7064d3b elementor-widget elementor-widget-text-editor\" data-id=\"7064d3b\" data-element_type=\"widget\" data-widget_type=\"text-editor.default\">\n\t\t\t\t<div class=\"elementor-widget-container\">\n\t\t\t\t\t<div class=\"elementor-text-editor elementor-clearfix\"><p><span style=\"font-weight: 400;\">En mypersonalway ponemos a tu disposici\u00f3n nuestro <\/span><b>comparador de operadores y ofertas de telefon\u00eda m\u00f3vil de una forma transparente y justa.<\/b><span style=\"font-weight: 400;\"> En tan s\u00f3lo unos minutos, el usuario puede acceder a la oferta telefon\u00eda que mejor se adapte a sus necesidades, comparando entre las diferentes opciones que ofrecen los operadores telefon\u00eda<\/span> <span style=\"font-weight: 400;\">diariamente. Ofrecemos un servicio actualizado y siempre a la \u00faltima para darte informaci\u00f3n sobre las compa\u00f1\u00edas de tel\u00e9fono baratas de nueva aparici\u00f3n, como de otras consolidadas en el mercado. Estaremos encantados de ayudarte en la elecci\u00f3n final de tu mejor compa\u00f1\u00eda m\u00f3vil.<\/span><\/p><\/div>\n\t\t\t\t<\/div>\n\t\t\t\t<\/div>\n\t\t\t\t<div class=\"elementor-element elementor-element-a6ef947 elementor-widget elementor-widget-heading\" data-id=\"a6ef947\" data-element_type=\"widget\" data-widget_type=\"heading.default\">\n\t\t\t\t<div class=\"elementor-widget-container\">\n\t\t\t<h2 class=\"elementor-heading-title elementor-size-default\">Aspectos importantes a saber sobre la permanencia<\/h2>\t\t<\/div>\n\t\t\t\t<\/div>\n\t\t\t\t<div class=\"elementor-element elementor-element-b204858 elementor-widget elementor-widget-text-editor\" data-id=\"b204858\" data-element_type=\"widget\" data-widget_type=\"text-editor.default\">\n\t\t\t\t<div class=\"elementor-widget-container\">\n\t\t\t\t\t<div class=\"elementor-text-editor elementor-clearfix\"><p><span style=\"font-weight: 400;\">La permanencia <\/span><b>es un periodo de tiempo m\u00ednimo determinado, que la compa\u00f1\u00eda obliga al usuario a permanecer<\/b><span style=\"font-weight: 400;\"> y, donde el cliente acepta en la firma del contrato. Para toda compa\u00f1\u00eda m\u00f3vil, este es el bocado m\u00e1s suculento, y es por ello que <\/span><b>compiten entre ellas intentando ofrecer las mejores tarifas de m\u00f3vil<\/b><span style=\"font-weight: 400;\"> (o bien por precio o por calidad, o la suma de ambas ventajas).<\/span><\/p><p><span style=\"font-weight: 400;\">Es de suma importancia estar al tanto de todos los puntos del contrato (incluso los de la letra peque\u00f1a), para que puedas valorar si es buena idea permanecer el tiempo establecido por la compa\u00f1\u00eda.<\/span><\/p><\/div>\n\t\t\t\t<\/div>\n\t\t\t\t<\/div>\n\t\t\t\t<div class=\"elementor-element elementor-element-48992ef elementor-widget elementor-widget-heading\" data-id=\"48992ef\" data-element_type=\"widget\" data-widget_type=\"heading.default\">\n\t\t\t\t<div class=\"elementor-widget-container\">\n\t\t\t<h2 class=\"elementor-heading-title elementor-size-default\">Tarifas m\u00f3viles para hablar y hablar<\/h2>\t\t<\/div>\n\t\t\t\t<\/div>\n\t\t\t\t<div class=\"elementor-element elementor-element-c6e510b elementor-widget elementor-widget-text-editor\" data-id=\"c6e510b\" data-element_type=\"widget\" data-widget_type=\"text-editor.default\">\n\t\t\t\t<div class=\"elementor-widget-container\">\n\t\t\t\t\t<div class=\"elementor-text-editor elementor-clearfix\"><p><span style=\"font-weight: 400;\">\u00bfNecesitas hablar muchos minutos al d\u00eda por tu trabajo? \u00bfEst\u00e1s estudiando o trabajando lejos de tu familia y amigos? Sin duda, <\/span><b>vas a necesitar una tarifa con llamadas ilimitadas<\/b><span style=\"font-weight: 400;\">.<\/span><\/p><p><span style=\"font-weight: 400;\">Con una tarifa de estas caracter\u00edsticas, podr\u00e1s realizar tantas llamadas como quieras, empleando el n\u00famero de minutos que necesites en cada una de las llamadas. Puedes encontrar tarifas que ofrecen una serie de minutos en forma de bonos. Pero esta opci\u00f3n no es recomendable, debido a que el usuario pierde la noci\u00f3n del n\u00famero de minutos gastados, siendo muy aconsejable usar nuestro comparador tarifas m\u00f3viles.<\/span><\/p><\/div>\n\t\t\t\t<\/div>\n\t\t\t\t<\/div>\n\t\t\t\t<div class=\"elementor-element elementor-element-5fa7f1f elementor-widget elementor-widget-heading\" data-id=\"5fa7f1f\" data-element_type=\"widget\" data-widget_type=\"heading.default\">\n\t\t\t\t<div class=\"elementor-widget-container\">\n\t\t\t<h2 class=\"elementor-heading-title elementor-size-default\">\u00bfNecesitas una tarifa para llamar al extranjero?<\/h2>\t\t<\/div>\n\t\t\t\t<\/div>\n\t\t\t\t<div class=\"elementor-element elementor-element-5c58724 elementor-widget elementor-widget-text-editor\" data-id=\"5c58724\" data-element_type=\"widget\" data-widget_type=\"text-editor.default\">\n\t\t\t\t<div class=\"elementor-widget-container\">\n\t\t\t\t\t<div class=\"elementor-text-editor elementor-clearfix\"><p><span style=\"font-weight: 400;\">Miles de clientes necesitan realizar llamadas internacionales para poder charlar con sus seres queridos cuando estos se encuentran en otro pa\u00eds. Si necesitas llamar al extranjero desde Espa\u00f1a, <\/span><b>quiz\u00e1 creas en la necesidad de buscar una tarifa que te permita realizar este tipo de llamadas con un coste reducido<\/b><span style=\"font-weight: 400;\">.<\/span><\/p><p><b>Existen tarifas que te ofrecen bonos de unos minutos limitados para poder realizar llamadas al extranjero,<\/b><span style=\"font-weight: 400;\"> pero esta opci\u00f3n quiz\u00e1 se quede algo corta para tus necesidades.<\/span><\/p><p><span style=\"font-weight: 400;\">En este caso te recomendamos realizar una b\u00fasqueda de entre varias ofertas compa\u00f1\u00edas telef\u00f3nicas, no con la intenci\u00f3n de buscar tarifas internet m\u00f3vil, es decir, una <\/span><b>b\u00fasqueda orientada al consumo de datos<\/b><span style=\"font-weight: 400;\">. Actualmente existen diferentes opciones de telefon\u00eda m\u00f3vil barata que puede ajustarse perfectamente para poder hablar con los tuyos de manera gratuita.<\/span><\/p><\/div>\n\t\t\t\t<\/div>\n\t\t\t\t<\/div>\n\t\t\t\t<div class=\"elementor-element elementor-element-aaf534c elementor-icon-list--layout-traditional elementor-list-item-link-full_width elementor-widget elementor-widget-icon-list\" data-id=\"aaf534c\" data-element_type=\"widget\" data-widget_type=\"icon-list.default\">\n\t\t\t\t<div class=\"elementor-widget-container\">\n\t\t\t\t\t<ul class=\"elementor-icon-list-items\">\n\t\t\t\t\t\t\t<li class=\"elementor-icon-list-item\">\n\t\t\t\t\t\t\t\t\t\t\t<span class=\"elementor-icon-list-icon\">\n\t\t\t\t\t\t\t<i aria-hidden=\"true\" class=\"fas fa-check\"><\/i>\t\t\t\t\t\t<\/span>\n\t\t\t\t\t\t\t\t\t\t<span class=\"elementor-icon-list-text\">Mejor tarifa m\u00f3vil llamadas ilimitadas<\/span>\n\t\t\t\t\t\t\t\t\t<\/li>\n\t\t\t\t\t\t\t\t<li class=\"elementor-icon-list-item\">\n\t\t\t\t\t\t\t\t\t\t\t<span class=\"elementor-icon-list-icon\">\n\t\t\t\t\t\t\t<i aria-hidden=\"true\" class=\"fas fa-thumbs-up\"><\/i>\t\t\t\t\t\t<\/span>\n\t\t\t\t\t\t\t\t\t\t<span class=\"elementor-icon-list-text\">Mejor compa\u00f1\u00eda telef\u00f3nica calidad precio<\/span>\n\t\t\t\t\t\t\t\t\t<\/li>\n\t\t\t\t\t\t\t\t<li class=\"elementor-icon-list-item\">\n\t\t\t\t\t\t\t\t\t\t\t<span class=\"elementor-icon-list-icon\">\n\t\t\t\t\t\t\t<i aria-hidden=\"true\" class=\"fas fa-cog\"><\/i>\t\t\t\t\t\t<\/span>\n\t\t\t\t\t\t\t\t\t\t<span class=\"elementor-icon-list-text\">Tarifas m\u00f3viles baratas sin permanencia<\/span>\n\t\t\t\t\t\t\t\t\t<\/li>\n\t\t\t\t\t\t\t\t<li class=\"elementor-icon-list-item\">\n\t\t\t\t\t\t\t\t\t\t\t<span class=\"elementor-icon-list-icon\">\n\t\t\t\t\t\t\t<i aria-hidden=\"true\" class=\"fas fa-business-time\"><\/i>\t\t\t\t\t\t<\/span>\n\t\t\t\t\t\t\t\t\t\t<span class=\"elementor-icon-list-text\">Comparador compa\u00f1\u00edas telef\u00f3nicas<\/span>\n\t\t\t\t\t\t\t\t\t<\/li>\n\t\t\t\t\t\t\t\t<li class=\"elementor-icon-list-item\">\n\t\t\t\t\t\t\t\t\t\t\t<span class=\"elementor-icon-list-icon\">\n\t\t\t\t\t\t\t<i aria-hidden=\"true\" class=\"fas fa-chart-pie\"><\/i>\t\t\t\t\t\t<\/span>\n\t\t\t\t\t\t\t\t\t\t<span class=\"elementor-icon-list-text\">Ofertas de compa\u00f1\u00edas telef\u00f3nicas<\/span>\n\t\t\t\t\t\t\t\t\t<\/li>\n\t\t\t\t\t\t\t\t<li class=\"elementor-icon-list-item\">\n\t\t\t\t\t\t\t\t\t\t\t<span class=\"elementor-icon-list-icon\">\n\t\t\t\t\t\t\t<i aria-hidden=\"true\" class=\"far fa-laugh-wink\"><\/i>\t\t\t\t\t\t<\/span>\n\t\t\t\t\t\t\t\t\t\t<span class=\"elementor-icon-list-text\">Compa\u00f1\u00edas de telefon\u00eda m\u00f3vil que regalan m\u00f3viles<\/span>\n\t\t\t\t\t\t\t\t\t<\/li>\n\t\t\t\t\t\t<\/ul>\n\t\t\t\t<\/div>\n\t\t\t\t<\/div>\n\t\t\t\t\t\t<\/div>\n\t\t\t\t\t<\/div>\n\t\t<\/div>\n\t\t\t\t\t\t\t\t<\/div>\n\t\t\t\t\t<\/div>\n\t\t<\/section>\n\t\t\t\t\t\t<\/div>\n\t\t\t\t\t\t<\/div>\n\t\t\t\t\t<\/div>\n\t\t","protected":false},"excerpt":{"rendered":"<p>\u00a1Compara y elige tu tarifa favorita! comparativa telefon\u00eda \u00cdndice de &#8230; <a title=\"Ofertas telefon\u00eda\" class=\"read-more\" href=\"https:\/\/mypersonalway.com\/comparador\/index.php\/ofertas-telefonia\/\">Leer m\u00e1s<\/a><\/p>\n","protected":false},"author":2,"featured_media":0,"parent":0,"menu_order":0,"comment_status":"closed","ping_status":"closed","template":"elementor_header_footer","meta":[],"_links":{"self":[{"href":"https:\/\/mypersonalway.com\/comparador\/index.php\/wp-json\/wp\/v2\/pages\/30"}],"collection":[{"href":"https:\/\/mypersonalway.com\/comparador\/index.php\/wp-json\/wp\/v2\/pages"}],"about":[{"href":"https:\/\/mypersonalway.com\/comparador\/index.php\/wp-json\/wp\/v2\/types\/page"}],"author":[{"embeddable":true,"href":"https:\/\/mypersonalway.com\/comparador\/index.php\/wp-json\/wp\/v2\/users\/2"}],"replies":[{"embeddable":true,"href":"https:\/\/mypersonalway.com\/comparador\/index.php\/wp-json\/wp\/v2\/comments?post=30"}],"version-history":[{"count":63,"href":"https:\/\/mypersonalway.com\/comparador\/index.php\/wp-json\/wp\/v2\/pages\/30\/revisions"}],"predecessor-version":[{"id":97,"href":"https:\/\/mypersonalway.com\/comparador\/index.php\/wp-json\/wp\/v2\/pages\/30\/revisions\/97"}],"wp:attachment":[{"href":"https:\/\/mypersonalway.com\/comparador\/index.php\/wp-json\/wp\/v2\/media?parent=30"}],"curies":[{"name":"wp","href":"https:\/\/api.w.org\/{rel}","templated":true}]}}